{"id":106,"date":"2013-01-11T20:32:37","date_gmt":"2013-01-11T19:32:37","guid":{"rendered":"http:\/\/crevettedunordatlantique.ca\/?page_id=106"},"modified":"2014-12-10T07:08:28","modified_gmt":"2014-12-10T06:08:28","slug":"accueil","status":"publish","type":"page","link":"https:\/\/crevettedunordatlantique.ca\/fr\/","title":{"rendered":"Accueil"},"content":{"rendered":"<h2 style=\"text-align: justify;\">Parmi les leaders canadiens de l\u2019industrie<\/h2>\n<p style=\"text-align: justify;\">Situ\u00e9e \u00e0 L\u2019Anse-au-Griffon (Gasp\u00e9sie, Qu\u00e9bec), La Crevette du Nord Atlantique inc. se sp\u00e9cialise dans la transformation de la crevette nordique (<i>Pandalus Borealis<\/i>). Notre principal produit, distribu\u00e9 sous l\u2019appellation \u00ab\u00a0Caravelle\u00a0\u00bb, est la crevette nordique cuite et d\u00e9cortiqu\u00e9e, offerte fra\u00eeche, congel\u00e9e ou en saumure. Gr\u00e2ce \u00e0 notre nouvelle usine d\u2019emballage situ\u00e9e \u00e0 Rivi\u00e8re-au-Renard, nous sommes en mesure de vous offrir la crevette que vous recherchez, dans le format que vous d\u00e9sirez et ce, douze mois par ann\u00e9e.<\/p>\n<p style=\"text-align: justify;\">Reconnus pour leur qualit\u00e9 exceptionnelle et leurs prix comp\u00e9titifs, nos produits sont distribu\u00e9s sur le march\u00e9 canadien et \u00e0 l\u2019exportation. Au Canada, notre crevette nordique est savour\u00e9e d\u2019un oc\u00e9an \u00e0 l\u2019autre. Ailleurs dans le monde, nos produits sont d\u00e9gust\u00e9s aux \u00c9tats-Unis, en Suisse, en Belgique, au Royaume-Uni et dans les pays scandinaves.<\/p>\n<p style=\"text-align: justify;\">Gr\u00e2ce \u00e0 ses 150 employ\u00e9s, la Crevette du Nord Atlantique transforme annuellement pr\u00e8s de 13 millions de livres de produit brut.<\/p>\n<h2 style=\"text-align: justify;\">Un essor remarquable<\/h2>\n<p style=\"text-align: justify;\">Constitu\u00e9e en soci\u00e9t\u00e9 \u00e0 charte qu\u00e9b\u00e9coise de plusieurs actionnaires le 16 d\u00e9cembre 1980, l\u2019entreprise est aujourd\u2019hui d\u00e9tenue par des fiducies appartenant aux familles Lapierre et Denis, unies par des liens familiaux. Les fils des fondateurs, qui occupent les postes de direction, poursuivent l\u2019essor de l\u2019entreprise vers de nouveaux march\u00e9s, avec une qualit\u00e9 de produit in\u00e9gal\u00e9e.<\/p>\n<p style=\"text-align: justify;\">La Crevette du Nord Atlantique a connu une forte expansion au fil des ann\u00e9es. Depuis sa cr\u00e9ation, le volume de production a \u00e9t\u00e9 multipli\u00e9 par quatorze tandis que le nombre d\u2019employ\u00e9s a quadrupl\u00e9.<\/p>\n<p style=\"text-align: justify;\">Cet essor remarquable est l\u2019aboutissement d\u2019investissements majeurs dans des \u00e9quipements \u00e0 la fine pointe de la technologie.<\/p>\n","protected":false},"excerpt":{"rendered":"<p>Parmi les leaders canadiens de l\u2019industrie Situ\u00e9e \u00e0 L\u2019Anse-au-Griffon (Gasp\u00e9sie, Qu\u00e9bec), La Crevette du Nord Atlantique inc. se sp\u00e9cialise dans la transformation de la crevette nordique (Pandalus Borealis). Notre principal produit, distribu\u00e9 sous l\u2019appellation \u00ab\u00a0Caravelle\u00a0\u00bb, est la crevette nordique cuite et d\u00e9cortiqu\u00e9e, offerte fra\u00eeche, congel\u00e9e ou en saumure. Gr\u00e2ce \u00e0 notre nouvelle usine d\u2019emballage situ\u00e9e \u00e0 Rivi\u00e8re-au-Renard, nous sommes en mesure de vous offrir la crevette que vous recherchez, dans le format que vous d\u00e9sirez et ce, douze mois par ann\u00e9e. Reconnus pour leur qualit\u00e9 exceptionnelle et leurs prix comp\u00e9titifs, nos produits sont distribu\u00e9s sur le march\u00e9 canadien et \u00e0 l\u2019exportation. Au Canada, notre crevette nordique est savour\u00e9e d\u2019un oc\u00e9an \u00e0 l\u2019autre. Ailleurs dans le monde, nos produits sont d\u00e9gust\u00e9s aux \u00c9tats-Unis, en Suisse, en Belgique, au Royaume-Uni et dans les pays scandinaves. Gr\u00e2ce \u00e0 ses 150 employ\u00e9s, la Crevette du Nord Atlantique transforme annuellement pr\u00e8s de 13 millions de livres de produit brut. Un essor remarquable Constitu\u00e9e en soci\u00e9t\u00e9 \u00e0 charte qu\u00e9b\u00e9coise de plusieurs actionnaires le 16 d\u00e9cembre 1980, l\u2019entreprise est aujourd\u2019hui d\u00e9tenue par des fiducies appartenant aux familles Lapierre et Denis, unies par des liens familiaux. Les fils des fondateurs, qui occupent les postes de direction, poursuivent l\u2019essor de l\u2019entreprise vers de nouveaux march\u00e9s, avec une qualit\u00e9 de produit in\u00e9gal\u00e9e. La Crevette du Nord Atlantique a connu une forte expansion au fil des ann\u00e9es. Depuis sa cr\u00e9ation, le volume de production a \u00e9t\u00e9 multipli\u00e9 par quatorze tandis que le nombre d\u2019employ\u00e9s a quadrupl\u00e9. Cet essor remarquable est l\u2019aboutissement d\u2019investissements majeurs dans des \u00e9quipements \u00e0 la fine pointe de la technologie.<\/p>\n","protected":false},"author":77779,"featured_media":0,"parent":0,"menu_order":1,"comment_status":"open","ping_status":"open","template":"","meta":{"footnotes":""},"class_list":["post-106","page","type-page","status-publish","hentry"],"_links":{"self":[{"href":"https:\/\/crevettedunordatlantique.ca\/fr\/wp-json\/wp\/v2\/pages\/106","targetHints":{"allow":["GET"]}}],"collection":[{"href":"https:\/\/crevettedunordatlantique.ca\/fr\/wp-json\/wp\/v2\/pages"}],"about":[{"href":"https:\/\/crevettedunordatlantique.ca\/fr\/wp-json\/wp\/v2\/types\/page"}],"author":[{"embeddable":true,"href":"https:\/\/crevettedunordatlantique.ca\/fr\/wp-json\/wp\/v2\/users\/77779"}],"replies":[{"embeddable":true,"href":"https:\/\/crevettedunordatlantique.ca\/fr\/wp-json\/wp\/v2\/comments?post=106"}],"version-history":[{"count":22,"href":"https:\/\/crevettedunordatlantique.ca\/fr\/wp-json\/wp\/v2\/pages\/106\/revisions"}],"predecessor-version":[{"id":867,"href":"https:\/\/crevettedunordatlantique.ca\/fr\/wp-json\/wp\/v2\/pages\/106\/revisions\/867"}],"wp:attachment":[{"href":"https:\/\/crevettedunordatlantique.ca\/fr\/wp-json\/wp\/v2\/media?parent=106"}],"curies":[{"name":"wp","href":"https:\/\/api.w.org\/{rel}","templated":true}]}}