{"id":112,"date":"2013-01-11T20:34:47","date_gmt":"2013-01-11T19:34:47","guid":{"rendered":"http:\/\/crevettedunordatlantique.ca\/?page_id=112"},"modified":"2013-01-28T20:03:07","modified_gmt":"2013-01-28T19:03:07","slug":"a-propos","status":"publish","type":"page","link":"https:\/\/crevettedunordatlantique.ca\/fr\/a-propos\/","title":{"rendered":"\u00c0 propos"},"content":{"rendered":"<ul class='gdl-toggle-box'>\n<li class='gdl-divider'>\n<h2 class='toggle-box-head title-color gdl-title'><span class='toggle-box-head-image active'><\/span>L&rsquo;historique de La Crevette du Nord Atlantique inc.<\/h2>\n<div class='toggle-box-content active'>\n<p>Depuis 1981, La Crevette du Nord Atlantique inc. se sp\u00e9cialise dans la transformation de la crevette nordique, aussi appel\u00e9e pandalus borealis, une ressource abondante et convoit\u00e9e des gastronomes du monde entier.<\/p>\n<p>Elle est p\u00each\u00e9e dans l\u2019estuaire du Saint-Laurent, l\u00e0 o\u00f9 se rencontrent les eaux douces du fleuve Saint-Laurent et les eaux sal\u00e9es de l\u2019Atlantique, un milieu marin d\u2019une richesse sans pareil. Comptant pr\u00e8s de 150 employ\u00e9s, l\u2019entreprise est l\u2019un des principaux employeurs du petit village c\u00f4tier de l\u2019Anse-au-Griffon, situ\u00e9 dans la province de Qu\u00e9bec au sein du Canada Atlantique.<\/p>\n<\/div>\n<\/li>\n<li class='gdl-divider'>\n<h2 class='toggle-box-head title-color gdl-title'><span class='toggle-box-head-image'><\/span>Principale zone de p\u00eaches<\/h2>\n<div class='toggle-box-content'>\n<table class=\"tabfishingzone\">\n<tbody>\n<tr>\n<th>Crevette<\/th>\n<th>Homard<\/th>\n<\/tr>\n<tr>\n<td><img decoding=\"async\" class=\"size-full wp-image-292 aligncenter\" alt=\"zone-de-peche\" src=\"https:\/\/crevettedunordatlantique.ca\/wp-content\/uploads\/2013\/01\/fishing-zone-crevette.png\" \/><\/td>\n<td><img decoding=\"async\" class=\"size-full wp-image-292 aligncenter\" alt=\"zone-de-peche\" src=\"https:\/\/crevettedunordatlantique.ca\/wp-content\/uploads\/2013\/01\/fishing-zone-homard.png\" \/><\/td>\n<\/tr>\n<\/tbody>\n<\/table>\n<\/div>\n<\/li>\n<li class='gdl-divider'>\n<h2 class='toggle-box-head title-color gdl-title'><span class='toggle-box-head-image'><\/span>Pays d&rsquo;exportation<\/h2>\n<div class='toggle-box-content'>\n<table class=\"tabfishingzone\">\n<tbody>\n<tr>\n<th>Su\u00e8de, Danemark, Norv\u00e8ge, France, Belgique, Suisse, \u00c9tats-Unis et Canada<\/th>\n<\/tr>\n<tr>\n<td><img decoding=\"async\" style=\"margin: 0 auto;\" alt=\"\" src=\"https:\/\/crevettedunordatlantique.ca\/wp-content\/uploads\/2013\/01\/exporting-countries-2.png\" \/><\/td>\n<\/tr>\n<\/tbody>\n<\/table>\n<\/div>\n<\/li>\n<\/ul>\n","protected":false},"excerpt":{"rendered":"","protected":false},"author":77779,"featured_media":0,"parent":0,"menu_order":3,"comment_status":"open","ping_status":"open","template":"","meta":{"footnotes":""},"class_list":["post-112","page","type-page","status-publish","hentry"],"_links":{"self":[{"href":"https:\/\/crevettedunordatlantique.ca\/fr\/wp-json\/wp\/v2\/pages\/112","targetHints":{"allow":["GET"]}}],"collection":[{"href":"https:\/\/crevettedunordatlantique.ca\/fr\/wp-json\/wp\/v2\/pages"}],"about":[{"href":"https:\/\/crevettedunordatlantique.ca\/fr\/wp-json\/wp\/v2\/types\/page"}],"author":[{"embeddable":true,"href":"https:\/\/crevettedunordatlantique.ca\/fr\/wp-json\/wp\/v2\/users\/77779"}],"replies":[{"embeddable":true,"href":"https:\/\/crevettedunordatlantique.ca\/fr\/wp-json\/wp\/v2\/comments?post=112"}],"version-history":[{"count":22,"href":"https:\/\/crevettedunordatlantique.ca\/fr\/wp-json\/wp\/v2\/pages\/112\/revisions"}],"predecessor-version":[{"id":256,"href":"https:\/\/crevettedunordatlantique.ca\/fr\/wp-json\/wp\/v2\/pages\/112\/revisions\/256"}],"wp:attachment":[{"href":"https:\/\/crevettedunordatlantique.ca\/fr\/wp-json\/wp\/v2\/media?parent=112"}],"curies":[{"name":"wp","href":"https:\/\/api.w.org\/{rel}","templated":true}]}}