{"id":614,"date":"2014-05-05T23:58:39","date_gmt":"2014-05-05T22:58:39","guid":{"rendered":"https:\/\/crevettedunordatlantique.ca\/?page_id=614"},"modified":"2014-12-05T18:35:30","modified_gmt":"2014-12-05T17:35:30","slug":"compagnie-affiliees","status":"publish","type":"page","link":"https:\/\/crevettedunordatlantique.ca\/fr\/compagnie-affiliees\/","title":{"rendered":"Compagnie affili\u00e9es"},"content":{"rendered":"<ul class='gdl-accordion'>\n<li class='gdl-divider'>\n<h2 class='accordion-head title-color gdl-title'><span class='accordion-head-image'><\/span>Les Poudres Marines du St-Laurent<\/h2>\n<div class='accordion-content'>\n<div>\n<p>Les Poudres Marines du St-Laurent a \u00e9t\u00e9 fond\u00e9 en 2013 afin de valoriser l\u2019ensemble de la biomasse de la crevette. Dans ce crustac\u00e9, plus de 65% de la masse n\u2019est pas consomm\u00e9 sous forme de chair (poids constitu\u00e9 de la t\u00eate et de la carapace). L\u2019entreprise Les Poudres Marines du St-Laurent permet de valoriser cette importante biomasse. Cela est d\u2019autant plus \u00e9cologique que l\u2019entreprise permet d\u2019enlever des sites d\u2019enfouissements l\u2019\u00e9quivalent de pr\u00e8s de 100 chargements de semi-remorques.<\/p>\n<p>Les Poudres Marines du St-Laurent a \u00e9t\u00e9 la premi\u00e8re entreprise canadienne \u00e0 offrir une poudre de carapace de crevettes certifi\u00e9e de grade alimentaire. La quantit\u00e9 produite est approximativement de 350 tonnes par ann\u00e9e.<\/p>\n<\/div>\n<\/div>\n<\/li>\n<li class='gdl-divider'>\n<h2 class='accordion-head title-color gdl-title'><span class='accordion-head-image'><\/span>Les Crustac\u00e9s de Malbaie Inc.<\/h2>\n<div class='accordion-content'>\n<p>Les Crustac\u00e9s de Malbaie Inc. distribue du homard vivant, principalement sur le march\u00e9 qu\u00e9b\u00e9cois. L\u2019entreprise vend \u00e9galement du homard cuit entier, distribu\u00e9 sur glace, dans les formats de 15 livres ou de 30 livres.<\/p>\n<div>\n<p>Les produits sont distribu\u00e9s \u00e0 bord de camions r\u00e9frig\u00e9r\u00e9s, et ce, plusieurs fois par semaine. La saison d\u00e9bute habituellement \u00e0 la fin avril et se termine 10 semaines plus tard, vers la fin juin. La compagnie s\u2019approvisionne dans diff\u00e9rentes zones de p\u00eaches, que ce soit la c\u00f4te gasp\u00e9sienne, les Iles de la Madeleine, l\u2019\u00eele d\u2019Anticosti ou la Nouvelle-\u00c9cosse.<\/p>\n<\/div>\n<\/div>\n<\/li>\n<li class='gdl-divider'>\n<h2 class='accordion-head title-color gdl-title'><span class='accordion-head-image'><\/span>Transport Gesco<\/h2>\n<div class='accordion-content'>\n<p>Transport\u00a0\u00a0Gesco a \u00e9t\u00e9 fond\u00e9 en\u00a01994 afin d\u2019am\u00e9liorer la qualit\u00e9 de la distribution\u00a0vers Montr\u00e9al et Qu\u00e9bec.\u00a0\u00a0Nous sommes \u00e9galement en mesure de desservir le march\u00e9 du nord-est des \u00c9tats-Unis.\u00a0\u00a0Nous disposons d\u2019une flotte de 4 camions et de plus de 7 remorques r\u00e9frig\u00e9r\u00e9es, ce qui nous permet de r\u00e9pondre rapidement \u00e0 toutes demandes.<\/p>\n<\/div>\n<\/li>\n<\/ul>\n","protected":false},"excerpt":{"rendered":"","protected":false},"author":77779,"featured_media":0,"parent":0,"menu_order":0,"comment_status":"open","ping_status":"open","template":"","meta":{"footnotes":""},"class_list":["post-614","page","type-page","status-publish","hentry"],"_links":{"self":[{"href":"https:\/\/crevettedunordatlantique.ca\/fr\/wp-json\/wp\/v2\/pages\/614","targetHints":{"allow":["GET"]}}],"collection":[{"href":"https:\/\/crevettedunordatlantique.ca\/fr\/wp-json\/wp\/v2\/pages"}],"about":[{"href":"https:\/\/crevettedunordatlantique.ca\/fr\/wp-json\/wp\/v2\/types\/page"}],"author":[{"embeddable":true,"href":"https:\/\/crevettedunordatlantique.ca\/fr\/wp-json\/wp\/v2\/users\/77779"}],"replies":[{"embeddable":true,"href":"https:\/\/crevettedunordatlantique.ca\/fr\/wp-json\/wp\/v2\/comments?post=614"}],"version-history":[{"count":3,"href":"https:\/\/crevettedunordatlantique.ca\/fr\/wp-json\/wp\/v2\/pages\/614\/revisions"}],"predecessor-version":[{"id":832,"href":"https:\/\/crevettedunordatlantique.ca\/fr\/wp-json\/wp\/v2\/pages\/614\/revisions\/832"}],"wp:attachment":[{"href":"https:\/\/crevettedunordatlantique.ca\/fr\/wp-json\/wp\/v2\/media?parent=614"}],"curies":[{"name":"wp","href":"https:\/\/api.w.org\/{rel}","templated":true}]}}