{"id":622,"date":"2014-05-06T00:00:53","date_gmt":"2014-05-05T23:00:53","guid":{"rendered":"https:\/\/crevettedunordatlantique.ca\/?page_id=622"},"modified":"2014-11-28T00:38:15","modified_gmt":"2014-11-27T23:38:15","slug":"crustaces-de-malbaie","status":"publish","type":"page","link":"https:\/\/crevettedunordatlantique.ca\/fr\/compagnie-affiliees\/crustaces-de-malbaie\/","title":{"rendered":"Crustac\u00e9s de Malbaie"},"content":{"rendered":"<p>Les Crustac\u00e9s de Malbaie Inc. distribue du homard vivant, principalement sur le march\u00e9 qu\u00e9b\u00e9cois. L\u2019entreprise vend \u00e9galement du homard cuit entier, distribu\u00e9 sur glace, dans les formats de 15 livres ou de 30 livres.<\/p>\n<p>Les produits sont distribu\u00e9s \u00e0 bord de camions r\u00e9frig\u00e9r\u00e9s, et ce, plusieurs fois par semaine. La saison d\u00e9bute habituellement \u00e0 la fin avril et se termine 10 semaines plus tard, vers la fin juin. La compagnie s\u2019approvisionne dans diff\u00e9rentes zones de p\u00eaches, que ce soit la c\u00f4te gasp\u00e9sienne, les Iles de la Madeleine, l\u2019\u00eele d\u2019Anticosti ou la Nouvelle-\u00c9cosse.<\/p>\n","protected":false},"excerpt":{"rendered":"<p>Les Crustac\u00e9s de Malbaie Inc. distribue du homard vivant, principalement sur le march\u00e9 qu\u00e9b\u00e9cois. L\u2019entreprise vend \u00e9galement du homard cuit entier, distribu\u00e9 sur glace, dans les formats de 15 livres ou de 30 livres. Les produits sont distribu\u00e9s \u00e0 bord de camions r\u00e9frig\u00e9r\u00e9s, et ce, plusieurs fois par semaine. La saison d\u00e9bute habituellement \u00e0 la fin avril et se termine 10 semaines plus tard, vers la fin juin. La compagnie s\u2019approvisionne dans diff\u00e9rentes zones de p\u00eaches, que ce soit la c\u00f4te gasp\u00e9sienne, les Iles de la Madeleine, l\u2019\u00eele d\u2019Anticosti ou la Nouvelle-\u00c9cosse.<\/p>\n","protected":false},"author":77779,"featured_media":0,"parent":614,"menu_order":0,"comment_status":"open","ping_status":"open","template":"","meta":{"footnotes":""},"class_list":["post-622","page","type-page","status-publish","hentry"],"_links":{"self":[{"href":"https:\/\/crevettedunordatlantique.ca\/fr\/wp-json\/wp\/v2\/pages\/622","targetHints":{"allow":["GET"]}}],"collection":[{"href":"https:\/\/crevettedunordatlantique.ca\/fr\/wp-json\/wp\/v2\/pages"}],"about":[{"href":"https:\/\/crevettedunordatlantique.ca\/fr\/wp-json\/wp\/v2\/types\/page"}],"author":[{"embeddable":true,"href":"https:\/\/crevettedunordatlantique.ca\/fr\/wp-json\/wp\/v2\/users\/77779"}],"replies":[{"embeddable":true,"href":"https:\/\/crevettedunordatlantique.ca\/fr\/wp-json\/wp\/v2\/comments?post=622"}],"version-history":[{"count":2,"href":"https:\/\/crevettedunordatlantique.ca\/fr\/wp-json\/wp\/v2\/pages\/622\/revisions"}],"predecessor-version":[{"id":713,"href":"https:\/\/crevettedunordatlantique.ca\/fr\/wp-json\/wp\/v2\/pages\/622\/revisions\/713"}],"up":[{"embeddable":true,"href":"https:\/\/crevettedunordatlantique.ca\/fr\/wp-json\/wp\/v2\/pages\/614"}],"wp:attachment":[{"href":"https:\/\/crevettedunordatlantique.ca\/fr\/wp-json\/wp\/v2\/media?parent=622"}],"curies":[{"name":"wp","href":"https:\/\/api.w.org\/{rel}","templated":true}]}}