{"id":640,"date":"2014-05-06T00:05:04","date_gmt":"2014-05-05T23:05:04","guid":{"rendered":"https:\/\/crevettedunordatlantique.ca\/?page_id=640"},"modified":"2025-12-10T13:56:09","modified_gmt":"2025-12-10T12:56:09","slug":"video-2","status":"publish","type":"page","link":"https:\/\/crevettedunordatlantique.ca\/fr\/video-2\/","title":{"rendered":"Vid\u00e9o"},"content":{"rendered":"<h4>Vid\u00e9o de l&rsquo;\u00e9mission G\u00e9n\u00e9ration Inc.<\/h4>\n<p>Saison 2\u00a0|\u00a0\u00c9pisode 3\u00a0|\u00a0Diffus\u00e9 le 24 septembre 2011<\/p>\n<p><a href=\"http:\/\/www.generationinc.com\/television\/saison2\/la-crevette-du-nord-atlantique\" target=\"_blank\">Voir la vid\u00e9o<\/a><\/p>\n<h4>Vue a\u00e9rienne de La Crevette du Nord Atlantique<\/h4>\n<p><iframe loading=\"lazy\" src=\"\/\/www.youtube.com\/embed\/hYLdFHtSWx0\" width=\"940\" height=\"529\" frameborder=\"0\" allowfullscreen=\"allowfullscreen\"><\/iframe><\/p>\n<hr \/>\n<h4>Vid\u00e9o de production de La Crevette Atlantique Inc.<\/h4>\n<p><iframe loading=\"lazy\" src=\"\/\/www.youtube.com\/embed\/RH-TkyLgX08\" width=\"940\" height=\"529\" frameborder=\"0\" allowfullscreen=\"allowfullscreen\"><\/iframe><\/p>\n<hr \/>\n<h4>Vid\u00e9o de production de Crustac\u00e9s de Malbaie Inc<\/h4>\n<p><iframe loading=\"lazy\" src=\"\/\/www.youtube.com\/embed\/lTfVTHLZToI\" width=\"940\" height=\"529\" frameborder=\"0\" allowfullscreen=\"allowfullscreen\"><\/iframe><\/p>\n<h4><\/h4>\n<p>&nbsp;<\/p>\n<h4><\/h4>\n<h4>Vid\u00e9o de production de Les Poudres Marines du St-Laurent<\/h4>\n<p><a href=\"https:\/\/www.youtube.com\/watch?v=Dw6DzRCxJls&amp;t=1s\">Voir la vid\u00e9o<\/a><\/p>\n<p>&nbsp;<\/p>\n","protected":false},"excerpt":{"rendered":"<p>Vid\u00e9o de l&rsquo;\u00e9mission G\u00e9n\u00e9ration Inc. Saison 2\u00a0|\u00a0\u00c9pisode 3\u00a0|\u00a0Diffus\u00e9 le 24 septembre 2011 Voir la vid\u00e9o Vue a\u00e9rienne de La Crevette du Nord Atlantique Vid\u00e9o de production de La Crevette Atlantique Inc. Vid\u00e9o de production de Crustac\u00e9s de Malbaie Inc &nbsp; Vid\u00e9o de production de Les Poudres Marines du St-Laurent Voir la vid\u00e9o &nbsp;<\/p>\n","protected":false},"author":77779,"featured_media":0,"parent":0,"menu_order":0,"comment_status":"closed","ping_status":"closed","template":"","meta":{"footnotes":""},"class_list":["post-640","page","type-page","status-publish","hentry"],"_links":{"self":[{"href":"https:\/\/crevettedunordatlantique.ca\/fr\/wp-json\/wp\/v2\/pages\/640","targetHints":{"allow":["GET"]}}],"collection":[{"href":"https:\/\/crevettedunordatlantique.ca\/fr\/wp-json\/wp\/v2\/pages"}],"about":[{"href":"https:\/\/crevettedunordatlantique.ca\/fr\/wp-json\/wp\/v2\/types\/page"}],"author":[{"embeddable":true,"href":"https:\/\/crevettedunordatlantique.ca\/fr\/wp-json\/wp\/v2\/users\/77779"}],"replies":[{"embeddable":true,"href":"https:\/\/crevettedunordatlantique.ca\/fr\/wp-json\/wp\/v2\/comments?post=640"}],"version-history":[{"count":20,"href":"https:\/\/crevettedunordatlantique.ca\/fr\/wp-json\/wp\/v2\/pages\/640\/revisions"}],"predecessor-version":[{"id":1388,"href":"https:\/\/crevettedunordatlantique.ca\/fr\/wp-json\/wp\/v2\/pages\/640\/revisions\/1388"}],"wp:attachment":[{"href":"https:\/\/crevettedunordatlantique.ca\/fr\/wp-json\/wp\/v2\/media?parent=640"}],"curies":[{"name":"wp","href":"https:\/\/api.w.org\/{rel}","templated":true}]}}